{"id":1709,"date":"2023-06-29T11:46:42","date_gmt":"2023-06-29T11:46:42","guid":{"rendered":"https:\/\/dev.merin.rs\/?page_id=1709"},"modified":"2023-10-06T14:08:36","modified_gmt":"2023-10-06T12:08:36","slug":"posalji-upit","status":"publish","type":"page","link":"http:\/\/merin.syntegraplus.rs\/sr\/posalji-upit\/","title":{"rendered":"Po\u0161alji upit"},"content":{"rendered":"","protected":false},"excerpt":{"rendered":"","protected":false},"author":1,"featured_media":0,"parent":0,"menu_order":0,"comment_status":"closed","ping_status":"closed","template":"page-templates\/send-inquiry.php","meta":{"inline_featured_image":false,"footnotes":""},"class_list":["post-1709","page","type-page","status-publish","hentry"],"acf":{"inquiry_-_title":"Zanima Vas kupovina stana? <br> Po\u0161aljite nam upit","inquiry_-_subtitle":"Nakon poslatog upita, dobi\u0107ete od nas link za preuzimanje PDF bro\u0161ure.","inquiry_-_form":1704,"inquiry_-_info":[{"icon":"phone","text":"+381 62 333 333","href":"+381 62 333 333"},{"icon":"phone","text":"+381 11 7858 988","href":"+381 11 7858 988"},{"icon":"mail","text":"prodaja@merin.syntegraplus.rs","href":"prodaja@merin.syntegraplus.rs"},{"icon":"phone","text":"Milutina Milankovica 11v, 11070 Novi Beograd","href":""}]},"_links":{"self":[{"href":"http:\/\/merin.syntegraplus.rs\/sr\/wp-json\/wp\/v2\/pages\/1709","targetHints":{"allow":["GET"]}}],"collection":[{"href":"http:\/\/merin.syntegraplus.rs\/sr\/wp-json\/wp\/v2\/pages"}],"about":[{"href":"http:\/\/merin.syntegraplus.rs\/sr\/wp-json\/wp\/v2\/types\/page"}],"author":[{"embeddable":true,"href":"http:\/\/merin.syntegraplus.rs\/sr\/wp-json\/wp\/v2\/users\/1"}],"replies":[{"embeddable":true,"href":"http:\/\/merin.syntegraplus.rs\/sr\/wp-json\/wp\/v2\/comments?post=1709"}],"version-history":[{"count":3,"href":"http:\/\/merin.syntegraplus.rs\/sr\/wp-json\/wp\/v2\/pages\/1709\/revisions"}],"predecessor-version":[{"id":11704,"href":"http:\/\/merin.syntegraplus.rs\/sr\/wp-json\/wp\/v2\/pages\/1709\/revisions\/11704"}],"acf:post":[{"embeddable":true,"href":"http:\/\/merin.syntegraplus.rs\/sr\/wp-json\/wp\/v2\/wpcf7_contact_form\/1704"}],"wp:attachment":[{"href":"http:\/\/merin.syntegraplus.rs\/sr\/wp-json\/wp\/v2\/media?parent=1709"}],"curies":[{"name":"wp","href":"https:\/\/api.w.org\/{rel}","templated":true}]}}